{"id":17386,"date":"2025-11-15T14:39:32","date_gmt":"2025-11-15T14:39:32","guid":{"rendered":"https:\/\/iboutik.shop\/?post_type=product&#038;p=17386"},"modified":"2026-01-03T11:17:08","modified_gmt":"2026-01-03T11:17:08","slug":"sweat-a-capuche-de-bonne-qualite-tissu-doux-et-resistant-coupe-moderne-toutes-les-tailles-sont-disponibles","status":"publish","type":"product","link":"https:\/\/iboutik.shop\/ar\/product\/sweat-a-capuche-de-bonne-qualite-tissu-doux-et-resistant-coupe-moderne-toutes-les-tailles-sont-disponibles\/","title":{"rendered":"Sweat \u00e0 capuche de bonne qualit\u00e9. Tissu doux et r\u00e9sistant, coupe moderne. Toutes les tailles sont disponibles"},"content":{"rendered":"<div class=\"dad65929\">\n<div class=\"_4f9bf79 d7dc56a8 _43c05b5\">\n<div class=\"ds-message _63c77b1\">\n<div class=\"ds-markdown\">\n<p class=\"ds-markdown-paragraph\">Sweat \u00e0 capuche de bonne qualit\u00e9, tissu doux et r\u00e9sistant, coupe moderne. Toutes les tailles sont disponibles.<\/p>\n<p class=\"ds-markdown-paragraph\">Sweat \u00e0 capuche essentiel, alliant confort et durabilit\u00e9. Id\u00e9al pour un usage quotidien.<\/p>\n<p class=\"ds-markdown-paragraph\">\u2022 Tissu coton haute qualit\u00e9<br \/>\n\u2022 Coupe moderne et int\u00e9rieur doux<br \/>\n\u2022 Capuche ajustable<\/p>\n<\/div>\n<\/div>\n<div class=\"ds-theme\"><\/div>\n<div class=\"ds-flex _0a3d93b\">\n<div class=\"ds-flex _965abe9 _54866f7\">\n<div class=\"ds-icon-button db183363\" role=\"button\">\n<div class=\"ds-icon-button__hover-bg\"><\/div>\n<div class=\"ds-icon\"><\/div>\n<\/div>\n<div class=\"ds-icon-button db183363\" role=\"button\">\n<div class=\"ds-icon-button__hover-bg\"><\/div>\n<div class=\"ds-icon\"><\/div>\n<\/div>\n<div class=\"ds-icon-button db183363\" role=\"button\">\n<div class=\"ds-icon-button__hover-bg\"><\/div>\n<div class=\"ds-icon\"><\/div>\n<\/div>\n<div class=\"ds-icon-button db183363\" role=\"button\">\n<div class=\"ds-icon-button__hover-bg\"><\/div>\n<div class=\"ds-icon\"><\/div>\n<\/div>\n<div class=\"ds-icon-button db183363\" role=\"button\">\n<div class=\"ds-icon-button__hover-bg\"><\/div>\n<div class=\"ds-icon\"><\/div>\n<\/div>\n<\/div>\n<div><\/div>\n<\/div>\n<\/div>\n<\/div>\n<div class=\"_871cbca\"><\/div>","protected":false},"excerpt":{"rendered":"<div class=\"dad65929\">\n<div class=\"_4f9bf79 d7dc56a8 _43c05b5\">\n<div class=\"ds-message _63c77b1\">\n<div class=\"ds-markdown\">\n<p class=\"ds-markdown-paragraph\">Sweat \u00e0 capuche de bonne qualit\u00e9, tissu doux et r\u00e9sistant, coupe moderne. Toutes les tailles sont disponibles.<\/p>\n<p class=\"ds-markdown-paragraph\">Sweat \u00e0 capuche essentiel, alliant confort et durabilit\u00e9. Id\u00e9al pour un usage quotidien.<\/p>\n<p class=\"ds-markdown-paragraph\">\u2022 Tissu coton haute qualit\u00e9<br \/>\n\u2022 Coupe moderne et int\u00e9rieur doux<br \/>\n\u2022 Capuche ajustable<\/p>\n<\/div>\n<\/div>\n<div class=\"ds-theme\"><\/div>\n<div class=\"ds-flex _0a3d93b\">\n<div class=\"ds-flex _965abe9 _54866f7\">\n<div class=\"ds-icon-button db183363\" role=\"button\">\n<div class=\"ds-icon-button__hover-bg\"><\/div>\n<div class=\"ds-icon\"><\/div>\n<\/div>\n<div class=\"ds-icon-button db183363\" role=\"button\">\n<div class=\"ds-icon-button__hover-bg\"><\/div>\n<div class=\"ds-icon\"><\/div>\n<\/div>\n<div class=\"ds-icon-button db183363\" role=\"button\">\n<div class=\"ds-icon-button__hover-bg\"><\/div>\n<div class=\"ds-icon\"><\/div>\n<\/div>\n<div class=\"ds-icon-button db183363\" role=\"button\">\n<div class=\"ds-icon-button__hover-bg\"><\/div>\n<div class=\"ds-icon\"><\/div>\n<\/div>\n<div class=\"ds-icon-button db183363\" role=\"button\">\n<div class=\"ds-icon-button__hover-bg\"><\/div>\n<div class=\"ds-icon\"><\/div>\n<\/div>\n<\/div>\n<div><\/div>\n<\/div>\n<\/div>\n<\/div>\n<div class=\"_871cbca\"><\/div>","protected":false},"featured_media":17388,"comment_status":"open","ping_status":"closed","template":"","meta":[],"product_brand":[],"product_cat":[164],"product_tag":[],"class_list":{"0":"post-17386","1":"product","2":"type-product","3":"status-publish","4":"has-post-thumbnail","6":"product_cat-mode","7":"pa_color-blanc","8":"pa_color-blanc-seulement","9":"pa_color-diro-nya","10":"pa_color-dore-blanc","11":"pa_color-noir","12":"pa_color-vert-et-rouge","13":"pa_image-shirt","14":"pa_image-t-shirt","15":"pa_size-l","16":"pa_size-large","17":"pa_size-m","18":"pa_size-s","19":"pa_size-xl","20":"pa_size-xxl","23":"instock","24":"sale","25":"taxable","26":"shipping-taxable","27":"purchasable","28":"product-type-simple"},"aioseo_notices":[],"_links":{"self":[{"href":"https:\/\/iboutik.shop\/ar\/wp-json\/wp\/v2\/product\/17386","targetHints":{"allow":["GET"]}}],"collection":[{"href":"https:\/\/iboutik.shop\/ar\/wp-json\/wp\/v2\/product"}],"about":[{"href":"https:\/\/iboutik.shop\/ar\/wp-json\/wp\/v2\/types\/product"}],"replies":[{"embeddable":true,"href":"https:\/\/iboutik.shop\/ar\/wp-json\/wp\/v2\/comments?post=17386"}],"version-history":[{"count":1,"href":"https:\/\/iboutik.shop\/ar\/wp-json\/wp\/v2\/product\/17386\/revisions"}],"predecessor-version":[{"id":17600,"href":"https:\/\/iboutik.shop\/ar\/wp-json\/wp\/v2\/product\/17386\/revisions\/17600"}],"wp:featuredmedia":[{"embeddable":true,"href":"https:\/\/iboutik.shop\/ar\/wp-json\/wp\/v2\/media\/17388"}],"wp:attachment":[{"href":"https:\/\/iboutik.shop\/ar\/wp-json\/wp\/v2\/media?parent=17386"}],"wp:term":[{"taxonomy":"product_brand","embeddable":true,"href":"https:\/\/iboutik.shop\/ar\/wp-json\/wp\/v2\/product_brand?post=17386"},{"taxonomy":"product_cat","embeddable":true,"href":"https:\/\/iboutik.shop\/ar\/wp-json\/wp\/v2\/product_cat?post=17386"},{"taxonomy":"product_tag","embeddable":true,"href":"https:\/\/iboutik.shop\/ar\/wp-json\/wp\/v2\/product_tag?post=17386"}],"curies":[{"name":"wp","href":"https:\/\/api.w.org\/{rel}","templated":true}]}}