{"id":824,"date":"2019-10-10T08:05:06","date_gmt":"2019-10-10T08:05:06","guid":{"rendered":"https:\/\/elementor4.thembay.com\/besa\/?page_id=824"},"modified":"2019-10-10T08:05:06","modified_gmt":"2019-10-10T08:05:06","slug":"top-rated-products","status":"publish","type":"page","link":"https:\/\/iboutik.shop\/ar\/top-rated-products\/","title":{"rendered":"Top Rated Products"},"content":{"rendered":"<div class=\"woocommerce columns-4\"><div class=\"display-products products products-grid\"><div class=\"row\"  data-xlgdesktop=\"4\" data-desktop=\"4\" data-desktopsmall=\"4\" data-tablet=\"3\" data-landscape=\"2\" data-mobile=\"2\">\r\n\r\n<div class=\"product type-product post-17386 status-publish first instock product_cat-mode has-post-thumbnail sale taxable shipping-taxable purchasable product-type-simple\">\r\n\t \t<div class=\"product-block grid product v1\" data-product-id=\"17386\">\n\t\t\n\t\t\t\t\t<div class=\"product-top\">\n\t\t\t\t\t\n\t<span class=\"onsale\"><span class=\"saled\">-30%<\/span><\/span>\n\t\t\t\t\t<\/div>\n\t\t\t\t\n\t<div class=\"product-content\">\n\t\t\t\t<div class=\"block-inner\">\n\t\t\t<figure class=\"image\">\n\t\t\t\t<a title=\"Sweat \u00e0 capuche de bonne qualit\u00e9. Tissu doux et r\u00e9sistant, coupe moderne. Toutes les tailles sont disponibles\" href=\"https:\/\/iboutik.shop\/ar\/product\/sweat-a-capuche-de-bonne-qualite-tissu-doux-et-resistant-coupe-moderne-toutes-les-tailles-sont-disponibles\/\" class=\"product-image\">\n\t\t\t\t\t<img fetchpriority=\"high\" decoding=\"async\" width=\"280\" height=\"280\" src=\"https:\/\/iboutik.shop\/wp-content\/uploads\/2025\/11\/cropped-Hoodie-diro-niya1-1-scaled-1-280x280.jpg\" class=\"attachment-woocommerce_thumbnail size-woocommerce_thumbnail\" alt=\"Sweat \u00e0 capuche de bonne qualit\u00e9. Tissu doux et r\u00e9sistant, coupe moderne. Toutes les tailles sont disponibles\" \/>\t\t\t\t<\/a>\n\n\t\t\t\t\n\t\t\t\t\t\t\t\t\t\t<\/figure>\n\t\t\t<div class=\"group-buttons\">\t\n\t\t\t\t<div class=\"add-cart\" title=\"\u0623\u0636\u0641 \u0625\u0644\u0649 \u0627\u0644\u0633\u0644\u0651\u064e\u0629\" data-no-translation-title=\"\"><a href=\"\/ar\/wp-json\/wp\/v2\/pages\/824?add-to-cart=17386\" aria-describedby=\"woocommerce_loop_add_to_cart_link_describedby_17386\" data-quantity=\"1\" class=\"button product_type_simple add_to_cart_button ajax_add_to_cart\" data-product_id=\"17386\" data-product_sku=\"1000\" aria-label=\"\u0625\u0636\u0627\u0641\u0629 \u0625\u0644\u0649 \u0633\u0644\u0629 \u0627\u0644\u062a\u0633\u0648\u0642: \u201dSweat \u00e0 capuche de bonne qualit\u00e9. Tissu doux et r\u00e9sistant, coupe moderne. Toutes les tailles sont disponibles\u201c\" rel=\"nofollow\" data-success_message=\"\u062a\u0645\u062a \u0625\u0636\u0627\u0641\u0629 &quot;Sweat \u00e0 capuche de bonne qualit\u00e9. Tissu doux et r\u00e9sistant, coupe moderne. Toutes les tailles sont disponibles&quot; \u0625\u0644\u0649 \u0639\u0631\u0628\u0629 \u0627\u0644\u062a\u0633\u0648\u0642 \u0644\u062f\u064a\u0643\" role=\"button\" data-no-translation-aria-label=\"\" data-no-translation-data-success_message=\"\"><i class=\"tb-icon tb-icon-cart-plus\"><\/i><span class=\"title-cart\" data-no-translation=\"\" data-trp-gettext=\"\">\u0623\u0636\u0641 \u0625\u0644\u0649 \u0627\u0644\u0633\u0644\u0651\u064e\u0629<\/span><\/a>\t\t\t<span id=\"woocommerce_loop_add_to_cart_link_describedby_17386\" class=\"screen-reader-text\">\r\n\t\t\t\t\t<\/span>\r\n\t<\/div><div class=\"button-wishlist shown-mobile\" title=\"Wishlist\">\n<div\n\tclass=\"yith-wcwl-add-to-wishlist add-to-wishlist-17386 yith-wcwl-add-to-wishlist--link-style wishlist-fragment on-first-load\"\n\tdata-fragment-ref=\"17386\"\n\tdata-fragment-options=\"{&quot;base_url&quot;:&quot;&quot;,&quot;product_id&quot;:17386,&quot;parent_product_id&quot;:0,&quot;product_type&quot;:&quot;simple&quot;,&quot;is_single&quot;:false,&quot;in_default_wishlist&quot;:false,&quot;show_view&quot;:false,&quot;browse_wishlist_text&quot;:&quot;Browse wishlist&quot;,&quot;already_in_wishslist_text&quot;:&quot;The product is already in your wishlist!&quot;,&quot;product_added_text&quot;:&quot;Product added!&quot;,&quot;available_multi_wishlist&quot;:false,&quot;disable_wishlist&quot;:false,&quot;show_count&quot;:false,&quot;ajax_loading&quot;:false,&quot;loop_position&quot;:&quot;after_add_to_cart&quot;,&quot;item&quot;:&quot;add_to_wishlist&quot;}\"\n>\n\t\t\t\n\t\t\t<!-- ADD TO WISHLIST -->\n\t\t\t\n<div class=\"yith-wcwl-add-button\">\n\t\t<a\n\t\thref=\"?add_to_wishlist=17386&#038;_wpnonce=0202aca187\"\n\t\tclass=\"add_to_wishlist single_add_to_wishlist\"\n\t\tdata-product-id=\"17386\"\n\t\tdata-product-type=\"simple\"\n\t\tdata-original-product-id=\"0\"\n\t\tdata-title=\"Add to wishlist\"\n\t\trel=\"nofollow\"\n\t>\n\t\t<svg id=\"yith-wcwl-icon-heart-outline\" class=\"yith-wcwl-icon-svg\" fill=\"none\" stroke-width=\"1.5\" stroke=\"currentColor\" viewbox=\"0 0 24 24\" xmlns=\"http:\/\/www.w3.org\/2000\/svg\">\n  <path stroke-linecap=\"round\" stroke-linejoin=\"round\" d=\"M21 8.25c0-2.485-2.099-4.5-4.688-4.5-1.935 0-3.597 1.126-4.312 2.733-.715-1.607-2.377-2.733-4.313-2.733C5.1 3.75 3 5.765 3 8.25c0 7.22 9 12 9 12s9-4.78 9-12Z\"><\/path>\n<\/svg>\t\t<span>\u0623\u0636\u0641 \u0625\u0644\u0649 \u0642\u0627\u0626\u0645\u0629 \u0627\u0644\u0631\u063a\u0628\u0627\u062a<\/span>\n\t<\/a>\n<\/div>\n\n\t\t\t<!-- COUNT TEXT -->\n\t\t\t\n\t\t\t<\/div>\n<\/div>\t\t    <\/div>\n\t\t<\/div>\n\t\t\t\t\n\t\t\t\t\t\n\t\t<div class=\"caption\">\n\t\t\t\t\t\t\t\t\t\n\t\t\t        \r\n        <h3 class=\"name\"><a href=\"https:\/\/iboutik.shop\/ar\/product\/sweat-a-capuche-de-bonne-qualite-tissu-doux-et-resistant-coupe-moderne-toutes-les-tailles-sont-disponibles\/\">Sweat \u00e0 capuche de bonne qualit\u00e9. Tissu doux et r\u00e9sistant, coupe moderne. Toutes les tailles sont disponibles<\/a><\/h3>\r\n        \t\t\t\r\n<div class=\"rating\">\r\n\t\t\t<div class=\"star-rating\" role=\"img\" aria-label=\"\u062a\u0645 \u0627\u0644\u062a\u0642\u064a\u064a\u0645 5.00 \u0645\u0646 5\" data-no-translation-aria-label=\"\"><span style=\"width:100%\" data-no-translation=\"\" data-trp-gettext=\"\">\u062a\u0645 \u0627\u0644\u062a\u0642\u064a\u064a\u0645 <strong class=\"rating\">5.00<\/strong> \u0645\u0646 5<\/span><\/div>\t\t<div class=\"count\"><span>1<\/span><\/div>\r\n\t<\/div>\t\t\t\n\t\t\t\t\t\t\t\t<div class=\"price-wrapper\">\n\t\t\t\t\t\t\n\t<span class=\"price\"><ins aria-hidden=\"true\"><span class=\"woocommerce-Price-amount amount\"><bdi>119.00&nbsp;<span class=\"woocommerce-Price-currencySymbol\">&#x62f;.&#x645;.<\/span><\/bdi><\/span><\/ins><span class=\"screen-reader-text\" data-no-translation=\"\" data-trp-gettext=\"\">\u0627\u0644\u0633\u0639\u0631 \u0627\u0644\u062d\u0627\u0644\u064a \u0647\u0648\u00a0: 119.00&nbsp;&#x62f;.&#x645;..<\/span><del aria-hidden=\"true\"><span class=\"woocommerce-Price-amount amount\"><bdi>169.00&nbsp;<span class=\"woocommerce-Price-currencySymbol\">&#x62f;.&#x645;.<\/span><\/bdi><\/span><\/del> <span class=\"screen-reader-text\" data-no-translation=\"\" data-trp-gettext=\"\">\u0627\u0644\u0633\u0639\u0631 \u0627\u0644\u0623\u0648\u0644\u064a \u0643\u0627\u0646\u00a0: 169.00&nbsp;&#x62f;.&#x645;..<\/span><\/span>\n\t\t\t\t\t<\/div>\n\t\t\t\t\t \n\t\t\t        <div class=\"sold-by-meta sold-dokan\">\r\n            <span class=\"sold-by-label\">Vendor: <\/span>\r\n            <a href=\"https:\/\/iboutik.shop\/ar\/boutique\/vendeur-2\/\">Mehdi Mode<\/a>\r\n        <\/div>\r\n\r\n        \t\t<\/div>\n\t\t\t\t\t\t    <\/div>\n    \n\t\n\t \n<\/div>\n<\/div>\r\n\r\n\r\n<div class=\"product type-product post-16261 status-publish instock product_cat-mode product_tag-clothes-rack product_tag-clothing product_tag-fashion has-post-thumbnail sale featured taxable shipping-taxable purchasable product-type-simple\">\r\n\t \t<div class=\"product-block grid product v1\" data-product-id=\"16261\">\n\t\t\n\t\t\t\t\t<div class=\"product-top\">\n\t\t\t\t\t\n\t<span class=\"onsale\"><span class=\"saled\">-23%<\/span><span class=\"featured\">\u0645\u0645\u064a\u0632<\/span><\/span>\n\t\t\t\t\t<\/div>\n\t\t\t\t\n\t<div class=\"product-content\">\n\t\t\t\t<div class=\"block-inner\">\n\t\t\t<figure class=\"image\">\n\t\t\t\t<a title=\"\u062a\u064a\u0634\u064a\u0631\u062a\u0627\u062a \u0639\u0627\u0644\u064a\u0629 \u0627\u0644\u062c\u0648\u062f\u0629 ( \u0628\u0627\u0644\u062c\u0645\u0644\u0629 \u0648 \u0627\u0644\u062a\u0642\u0633\u064a\u0637 )\" href=\"https:\/\/iboutik.shop\/ar\/product\/t-shirts-de-bonne-qualite-en-gros-et-en-detail\/\" class=\"product-image\">\n\t\t\t\t\t<img decoding=\"async\" width=\"280\" height=\"280\" src=\"https:\/\/iboutik.shop\/wp-content\/uploads\/2025\/01\/red-heart-infinity-a-280x280.jpg\" class=\"attachment-woocommerce_thumbnail size-woocommerce_thumbnail\" alt=\"T-shirts de bonne qualit\u00e9 (en gros et en d\u00e9tail)\" \/>\t\t\t\t<\/a>\n\n\t\t\t\t\n\t\t\t\t\t\t\t\t\t\t<\/figure>\n\t\t\t<div class=\"group-buttons\">\t\n\t\t\t\t<div class=\"add-cart\" title=\"\u0623\u0636\u0641 \u0625\u0644\u0649 \u0627\u0644\u0633\u0644\u0651\u064e\u0629\" data-no-translation-title=\"\"><a href=\"\/ar\/wp-json\/wp\/v2\/pages\/824?add-to-cart=16261\" aria-describedby=\"woocommerce_loop_add_to_cart_link_describedby_16261\" data-quantity=\"1\" class=\"button product_type_simple add_to_cart_button ajax_add_to_cart\" data-product_id=\"16261\" data-product_sku=\"\" aria-label=\"\u0625\u0636\u0627\u0641\u0629 \u0625\u0644\u0649 \u0633\u0644\u0629 \u0627\u0644\u062a\u0633\u0648\u0642: \u201dT-shirts de bonne qualit\u00e9 (en gros et en d\u00e9tail)\u201c\" rel=\"nofollow\" data-success_message=\"\u062a\u0645\u062a \u0625\u0636\u0627\u0641\u0629 &quot;T-shirts de bonne qualit\u00e9 (en gros et en d\u00e9tail)&quot; \u0625\u0644\u0649 \u0639\u0631\u0628\u0629 \u0627\u0644\u062a\u0633\u0648\u0642 \u0644\u062f\u064a\u0643\" role=\"button\" data-no-translation-aria-label=\"\" data-no-translation-data-success_message=\"\"><i class=\"tb-icon tb-icon-cart-plus\"><\/i><span class=\"title-cart\" data-no-translation=\"\" data-trp-gettext=\"\">\u0623\u0636\u0641 \u0625\u0644\u0649 \u0627\u0644\u0633\u0644\u0651\u064e\u0629<\/span><\/a>\t\t\t<span id=\"woocommerce_loop_add_to_cart_link_describedby_16261\" class=\"screen-reader-text\">\r\n\t\t\t\t\t<\/span>\r\n\t<\/div><div class=\"button-wishlist shown-mobile\" title=\"Wishlist\">\n<div\n\tclass=\"yith-wcwl-add-to-wishlist add-to-wishlist-16261 yith-wcwl-add-to-wishlist--link-style wishlist-fragment on-first-load\"\n\tdata-fragment-ref=\"16261\"\n\tdata-fragment-options=\"{&quot;base_url&quot;:&quot;&quot;,&quot;product_id&quot;:16261,&quot;parent_product_id&quot;:0,&quot;product_type&quot;:&quot;simple&quot;,&quot;is_single&quot;:false,&quot;in_default_wishlist&quot;:false,&quot;show_view&quot;:false,&quot;browse_wishlist_text&quot;:&quot;Browse wishlist&quot;,&quot;already_in_wishslist_text&quot;:&quot;The product is already in your wishlist!&quot;,&quot;product_added_text&quot;:&quot;Product added!&quot;,&quot;available_multi_wishlist&quot;:false,&quot;disable_wishlist&quot;:false,&quot;show_count&quot;:false,&quot;ajax_loading&quot;:false,&quot;loop_position&quot;:&quot;after_add_to_cart&quot;,&quot;item&quot;:&quot;add_to_wishlist&quot;}\"\n>\n\t\t\t\n\t\t\t<!-- ADD TO WISHLIST -->\n\t\t\t\n<div class=\"yith-wcwl-add-button\">\n\t\t<a\n\t\thref=\"?add_to_wishlist=16261&#038;_wpnonce=0202aca187\"\n\t\tclass=\"add_to_wishlist single_add_to_wishlist\"\n\t\tdata-product-id=\"16261\"\n\t\tdata-product-type=\"simple\"\n\t\tdata-original-product-id=\"0\"\n\t\tdata-title=\"Add to wishlist\"\n\t\trel=\"nofollow\"\n\t>\n\t\t<svg id=\"yith-wcwl-icon-heart-outline\" class=\"yith-wcwl-icon-svg\" fill=\"none\" stroke-width=\"1.5\" stroke=\"currentColor\" viewbox=\"0 0 24 24\" xmlns=\"http:\/\/www.w3.org\/2000\/svg\">\n  <path stroke-linecap=\"round\" stroke-linejoin=\"round\" d=\"M21 8.25c0-2.485-2.099-4.5-4.688-4.5-1.935 0-3.597 1.126-4.312 2.733-.715-1.607-2.377-2.733-4.313-2.733C5.1 3.75 3 5.765 3 8.25c0 7.22 9 12 9 12s9-4.78 9-12Z\"><\/path>\n<\/svg>\t\t<span>\u0623\u0636\u0641 \u0625\u0644\u0649 \u0642\u0627\u0626\u0645\u0629 \u0627\u0644\u0631\u063a\u0628\u0627\u062a<\/span>\n\t<\/a>\n<\/div>\n\n\t\t\t<!-- COUNT TEXT -->\n\t\t\t\n\t\t\t<\/div>\n<\/div>\t\t    <\/div>\n\t\t<\/div>\n\t\t\t\t\n\t\t\t\t\t\n\t\t<div class=\"caption\">\n\t\t\t\t\t\t\t\t\t\n\t\t\t        \r\n        <h3 class=\"name\"><a href=\"https:\/\/iboutik.shop\/ar\/product\/t-shirts-de-bonne-qualite-en-gros-et-en-detail\/\">\u062a\u064a\u0634\u064a\u0631\u062a\u0627\u062a \u0639\u0627\u0644\u064a\u0629 \u0627\u0644\u062c\u0648\u062f\u0629 ( \u0628\u0627\u0644\u062c\u0645\u0644\u0629 \u0648 \u0627\u0644\u062a\u0642\u0633\u064a\u0637 )<\/a><\/h3>\r\n        \t\t\t\r\n<div class=\"rating no-rate\">\r\n\t\t<div class=\"star-rating\">\r\n\t<\/div>\r\n\t<div class=\"count\">0<\/div>\r\n\t<\/div>\t\t\t\n\t\t\t\t\t\t\t\t<div class=\"price-wrapper\">\n\t\t\t\t\t\t\n\t<span class=\"price\"><ins aria-hidden=\"true\"><span class=\"woocommerce-Price-amount amount\"><bdi>99.00&nbsp;<span class=\"woocommerce-Price-currencySymbol\">&#x62f;.&#x645;.<\/span><\/bdi><\/span><\/ins><span class=\"screen-reader-text\" data-no-translation=\"\" data-trp-gettext=\"\">\u0627\u0644\u0633\u0639\u0631 \u0627\u0644\u062d\u0627\u0644\u064a \u0647\u0648\u00a0: 99.00&nbsp;&#x62f;.&#x645;..<\/span><del aria-hidden=\"true\"><span class=\"woocommerce-Price-amount amount\"><bdi>129.00&nbsp;<span class=\"woocommerce-Price-currencySymbol\">&#x62f;.&#x645;.<\/span><\/bdi><\/span><\/del> <span class=\"screen-reader-text\" data-no-translation=\"\" data-trp-gettext=\"\">\u0627\u0644\u0633\u0639\u0631 \u0627\u0644\u0623\u0648\u0644\u064a \u0643\u0627\u0646\u00a0: 129.00&nbsp;&#x62f;.&#x645;..<\/span><\/span>\n\t\t\t\t\t<\/div>\n\t\t\t\t\t \n\t\t\t        <div class=\"sold-by-meta sold-dokan\">\r\n            <span class=\"sold-by-label\">Vendor: <\/span>\r\n            <a href=\"https:\/\/iboutik.shop\/ar\/boutique\/killshop\/\">\u062a\u064a\u0634\u0648\u0631\u062a\u0627\u062a<\/a>\r\n        <\/div>\r\n\r\n        \t\t<\/div>\n\t\t\t\t\t\t    <\/div>\n    \n\t\n\t \n<\/div>\n<\/div>\r\n\r\n<\/div><\/div><\/div>","protected":false},"excerpt":{"rendered":"","protected":false},"author":1,"featured_media":0,"parent":0,"menu_order":0,"comment_status":"closed","ping_status":"closed","template":"","meta":{"footnotes":""},"class_list":["post-824","page","type-page","status-publish","hentry"],"aioseo_notices":[],"_links":{"self":[{"href":"https:\/\/iboutik.shop\/ar\/wp-json\/wp\/v2\/pages\/824","targetHints":{"allow":["GET"]}}],"collection":[{"href":"https:\/\/iboutik.shop\/ar\/wp-json\/wp\/v2\/pages"}],"about":[{"href":"https:\/\/iboutik.shop\/ar\/wp-json\/wp\/v2\/types\/page"}],"author":[{"embeddable":true,"href":"https:\/\/iboutik.shop\/ar\/wp-json\/wp\/v2\/users\/1"}],"replies":[{"embeddable":true,"href":"https:\/\/iboutik.shop\/ar\/wp-json\/wp\/v2\/comments?post=824"}],"version-history":[{"count":0,"href":"https:\/\/iboutik.shop\/ar\/wp-json\/wp\/v2\/pages\/824\/revisions"}],"wp:attachment":[{"href":"https:\/\/iboutik.shop\/ar\/wp-json\/wp\/v2\/media?parent=824"}],"curies":[{"name":"wp","href":"https:\/\/api.w.org\/{rel}","templated":true}]}}