{"id":7840,"date":"2021-08-24T10:48:52","date_gmt":"2021-08-24T10:48:52","guid":{"rendered":"https:\/\/elementor4.thembay.com\/besa\/?page_id=7840"},"modified":"2025-10-04T22:21:27","modified_gmt":"2025-10-04T22:21:27","slug":"refund_returns","status":"publish","type":"page","link":"https:\/\/iboutik.shop\/ar\/refund_returns\/","title":{"rendered":"Politique de Remboursement et de Retour"},"content":{"rendered":"\t\t<div data-elementor-type=\"wp-page\" data-elementor-id=\"7840\" class=\"elementor elementor-7840\">\n\t\t\t\t\t\t<section class=\"elementor-section elementor-top-section elementor-element elementor-element-805253b elementor-section-boxed elementor-section-height-default elementor-section-height-default\" data-id=\"805253b\" data-element_type=\"section\" data-e-type=\"section\" data-settings=\"{&quot;background_background&quot;:&quot;classic&quot;}\">\n\t\t\t\t\t\t<div class=\"elementor-container elementor-column-gap-default\">\n\t\t\t\t\t<div class=\"elementor-column elementor-col-100 elementor-top-column elementor-element elementor-element-2fb74c1\" data-id=\"2fb74c1\" data-element_type=\"column\" data-e-type=\"column\">\n\t\t\t<div class=\"elementor-widget-wrap elementor-element-populated\">\n\t\t\t\t\t\t<div class=\"elementor-element elementor-element-490b46e elementor-widget elementor-widget-text-editor\" data-id=\"490b46e\" data-element_type=\"widget\" data-e-type=\"widget\" data-widget_type=\"text-editor.default\">\n\t\t\t\t<div class=\"elementor-widget-container\">\n\t\t\t\t\t\t\t\t\t<p><strong>Politique de Remboursement et de Retour<\/strong><br \/>Merci d&#8217;avoir choisi notre Marketplace ! Nous nous engageons \u00e0 vous offrir les meilleurs produits et services. Toutefois, si vous n&#8217;\u00eates pas satisfait de votre achat, voici notre politique de remboursement et de retour.<\/p><p><!-- \/wp:paragraph --> <!-- wp:list {\"ordered\":true} --><\/p><ol class=\"wp-block-list\"><li style=\"list-style-type: none;\"><ol class=\"wp-block-list\"><!-- wp:list-item --><li><strong>Conditions de Retour<\/strong><\/li><\/ol><\/li><\/ol><p><!-- \/wp:list-item --><\/p><p><!-- \/wp:list --> <!-- wp:paragraph --><\/p><p>Vous pouvez retourner un produit dans un d\u00e9lai de 3 jours \u00e0 compter de la date de r\u00e9ception, \u00e0 condition que:<\/p><p><!-- \/wp:paragraph --> <!-- wp:paragraph --><\/p><p>Le produit soit dans son \u00e9tat d&#8217;origine, non utilis\u00e9, non endommag\u00e9 et dans son emballage d&#8217;origine.<\/p><p><!-- \/wp:paragraph --> <!-- wp:paragraph --><\/p><p>Tous les accessoires, manuels et documentation inclus soient retourn\u00e9s avec le produit.<\/p><p><!-- \/wp:paragraph --> <!-- wp:list {\"ordered\":true,\"start\":2} --><\/p><ol class=\"wp-block-list\" start=\"2\"><li style=\"list-style-type: none;\"><ol class=\"wp-block-list\" start=\"2\"><!-- wp:list-item --><li><strong>Proc\u00e9dure de Retour<\/strong><\/li><\/ol><\/li><\/ol><p><!-- \/wp:list-item --><\/p><p><!-- \/wp:list --> <!-- wp:paragraph --><\/p><p>Pour initier un retour, veuillez suivre ces \u00e9tapes :<\/p><p><!-- \/wp:paragraph --> <!-- wp:paragraph --><\/p><p><strong>Contactez Notre Support <\/strong>:<br \/>Envoyez un email \u00e0 [iboutikcontact@gmail.com] en incluant votre num\u00e9ro de commande, la description du produit, et la raison du retour.<\/p><p><!-- \/wp:paragraph --> <!-- wp:paragraph --><\/p><p><strong>Obtenez un Num\u00e9ro de Retour<\/strong> :<br \/>Une fois votre demande trait\u00e9e, vous recevrez un num\u00e9ro de retour et des instructions sur la mani\u00e8re de renvoyer votre article.<\/p><p><!-- \/wp:paragraph --> <!-- wp:paragraph --><\/p><p><strong>Exp\u00e9diez le Produit <\/strong>:<br \/>Emballez soigneusement le produit et incluez le num\u00e9ro de retour dans l&#8217;envoi. Les frais de retour sont \u00e0 la charge de l&#8217;acheteur, sauf si le produit est d\u00e9fectueux ou erron\u00e9.<\/p><p><!-- \/wp:paragraph --> <!-- wp:list {\"ordered\":true,\"start\":3} --><\/p><ol class=\"wp-block-list\" start=\"3\"><li style=\"list-style-type: none;\"><ol class=\"wp-block-list\" start=\"3\"><!-- wp:list-item --><li><strong>Remboursement<\/strong><\/li><\/ol><\/li><\/ol><p><!-- \/wp:list-item --><\/p><p><!-- \/wp:list --> <!-- wp:paragraph --><\/p><p>Une fois que nous avons re\u00e7u votre retour et que nous avons v\u00e9rifi\u00e9 l&#8217;\u00e9tat du produit :<\/p><p><!-- \/wp:paragraph --> <!-- wp:paragraph --><\/p><p>Si le retour est approuv\u00e9, nous traiterons votre remboursement dans un d\u00e9lai de 7 \u00e0 10 jours ouvrables.<\/p><p><!-- \/wp:paragraph --> <!-- wp:paragraph --><\/p><p>Le remboursement sera effectu\u00e9 selon le mode de paiement utilis\u00e9 lors de l&#8217;achat. Veuillez noter que le temps n\u00e9cessaire pour que le remboursement apparaisse sur votre compte peut varier en fonction de votre banque ou de l\u2019entit\u00e9 \u00e9mettrice de votre carte.<\/p><p><!-- \/wp:paragraph --> <!-- wp:list {\"ordered\":true,\"start\":4} --><\/p><ol class=\"wp-block-list\" start=\"4\"><li style=\"list-style-type: none;\"><ol class=\"wp-block-list\" start=\"4\"><!-- wp:list-item --><li><strong>Produits Non Remboursables<\/strong><\/li><\/ol><\/li><\/ol><p><!-- \/wp:list-item --><\/p><p><!-- \/wp:list --> <!-- wp:paragraph --><\/p><p>Certaines cat\u00e9gories de produits peuvent \u00eatre exempt\u00e9es de notre politique de retour et remboursement, notamment :<\/p><p><!-- \/wp:paragraph --> <!-- wp:paragraph --><\/p><p>Produits personnalis\u00e9s ou fabriqu\u00e9s sur demande.<\/p><p><!-- \/wp:paragraph --> <!-- wp:paragraph --><\/p><p>Articles de sant\u00e9 et de beaut\u00e9 ouverts.<\/p><p><!-- \/wp:paragraph --> <!-- wp:paragraph --><\/p><p>Cartes-cadeaux ou tout produit marqu\u00e9 comme non remboursable.<\/p><p><!-- \/wp:paragraph --> <!-- wp:list {\"ordered\":true,\"start\":5} --><\/p><ol class=\"wp-block-list\" start=\"5\"><li style=\"list-style-type: none;\"><ol class=\"wp-block-list\" start=\"5\"><!-- wp:list-item --><li><strong>Articles D\u00e9fectueux ou Erron\u00e9s<\/strong><\/li><\/ol><\/li><\/ol><p><!-- \/wp:list-item --><\/p><p><!-- \/wp:list --> <!-- wp:paragraph --><\/p><p>Si vous recevez un produit d\u00e9fectueux ou incorrect, veuillez nous en informer dans les 3 jours suivant la r\u00e9ception. Nous prendrons les dispositions n\u00e9cessaires pour remplacer votre article ou \u00e9mettre un remboursement int\u00e9gral.<\/p><p><!-- \/wp:paragraph --> <!-- wp:list {\"ordered\":true,\"start\":6} --><\/p><ol class=\"wp-block-list\" start=\"6\"><li style=\"list-style-type: none;\"><ol class=\"wp-block-list\" start=\"6\"><!-- wp:list-item --><li><strong>Contact<\/strong><\/li><\/ol><\/li><\/ol><p><!-- \/wp:list-item --><\/p><p><!-- \/wp:list --> <!-- wp:paragraph --><\/p><p>Pour toute question concernant cette politique de retour et de remboursement, veuillez nous contacter \u00e0 [iboutikcontact@gmail.com] ou au [0679513014].<\/p>\t\t\t\t\t\t\t\t<\/div>\n\t\t\t\t<\/div>\n\t\t\t\t\t<\/div>\n\t\t<\/div>\n\t\t\t\t\t<\/div>\n\t\t<\/section>\n\t\t\t\t<\/div>\n\t\t","protected":false},"excerpt":{"rendered":"","protected":false},"author":1,"featured_media":0,"parent":0,"menu_order":0,"comment_status":"closed","ping_status":"closed","template":"","meta":{"footnotes":""},"class_list":["post-7840","page","type-page","status-publish","hentry"],"aioseo_notices":[],"_links":{"self":[{"href":"https:\/\/iboutik.shop\/ar\/wp-json\/wp\/v2\/pages\/7840","targetHints":{"allow":["GET"]}}],"collection":[{"href":"https:\/\/iboutik.shop\/ar\/wp-json\/wp\/v2\/pages"}],"about":[{"href":"https:\/\/iboutik.shop\/ar\/wp-json\/wp\/v2\/types\/page"}],"author":[{"embeddable":true,"href":"https:\/\/iboutik.shop\/ar\/wp-json\/wp\/v2\/users\/1"}],"replies":[{"embeddable":true,"href":"https:\/\/iboutik.shop\/ar\/wp-json\/wp\/v2\/comments?post=7840"}],"version-history":[{"count":0,"href":"https:\/\/iboutik.shop\/ar\/wp-json\/wp\/v2\/pages\/7840\/revisions"}],"wp:attachment":[{"href":"https:\/\/iboutik.shop\/ar\/wp-json\/wp\/v2\/media?parent=7840"}],"curies":[{"name":"wp","href":"https:\/\/api.w.org\/{rel}","templated":true}]}}