{"id":17399,"date":"2025-11-17T08:41:45","date_gmt":"2025-11-17T08:41:45","guid":{"rendered":"https:\/\/iboutik.shop\/?page_id=17399"},"modified":"2026-01-02T10:02:50","modified_gmt":"2026-01-02T10:02:50","slug":"createch","status":"publish","type":"page","link":"https:\/\/iboutik.shop\/ar\/createch\/","title":{"rendered":"Cr\u00e9aTech"},"content":{"rendered":"<div data-elementor-type=\"wp-page\" data-elementor-id=\"17399\" class=\"elementor elementor-17399\">\n\t\t\t\t\t\t<section class=\"elementor-section elementor-top-section elementor-element elementor-element-0c6dfa0 elementor-section-boxed elementor-section-height-default elementor-section-height-default\" data-id=\"0c6dfa0\" data-element_type=\"section\" data-e-type=\"section\" data-settings=\"{&quot;background_background&quot;:&quot;classic&quot;}\">\n\t\t\t\t\t\t<div class=\"elementor-container elementor-column-gap-default\">\n\t\t\t\t\t<div class=\"elementor-column elementor-col-100 elementor-top-column elementor-element elementor-element-7838a1d\" data-id=\"7838a1d\" data-element_type=\"column\" data-e-type=\"column\">\n\t\t\t<div class=\"elementor-widget-wrap elementor-element-populated\">\n\t\t\t\t\t\t<div class=\"elementor-element elementor-element-b72b0b1 elementor-widget elementor-widget-text-editor\" data-id=\"b72b0b1\" data-element_type=\"widget\" data-e-type=\"widget\" data-widget_type=\"text-editor.default\">\n\t\t\t\t<div class=\"elementor-widget-container\">\n\t\t\t\t\t\t\t\t\t<h1 class=\"ds-markdown-paragraph\"><strong>Cr\u00e9aTech\u00a0<\/strong><\/h1><p class=\"ds-markdown-paragraph\">Votre site web m\u00e9rite le meilleur. Cr\u00e9aTech allie <strong>cr\u00e9ativit\u00e9<\/strong>\u00a0et\u00a0<strong>expertise technique<\/strong>\u00a0pour construire des sites web qui fonctionnent. Design unique, d\u00e9veloppement robuste et strat\u00e9gie digitale : nous r\u00e9unissons tous les talents pour votre succ\u00e8s en ligne.<\/p><p class=\"ds-markdown-paragraph\"><strong>Nos services :<\/strong><\/p><h3>\ud83c\udfa8 Design Web Sur-Mesure<\/h3><p class=\"ds-markdown-paragraph\">Nous cr\u00e9ons des interfaces uniques et captivantes qui refl\u00e8tent l&#8217;identit\u00e9 de votre marque et engagent vos visiteurs d\u00e8s le premier regard.<\/p><h3>\ud83d\udcbb D\u00e9veloppement de Sites Web<\/h3><ul><li><p class=\"ds-markdown-paragraph\"><strong>Sites Vitrine<\/strong>\u00a0: Pr\u00e9sence en ligne professionnelle et efficace<\/p><\/li><li><p class=\"ds-markdown-paragraph\"><strong>Boutiques E-commerce<\/strong>\u00a0: Solutions de vente en ligne compl\u00e8tes et s\u00e9curis\u00e9es<\/p><\/li><\/ul><h3>\ud83d\udd0d R\u00e9f\u00e9rencement Naturel (SEO)<\/h3><p class=\"ds-markdown-paragraph\">Optimisation technique et contenu strat\u00e9gique pour am\u00e9liorer votre visibilit\u00e9 sur les moteurs de recherche et attirer un trafic qualifi\u00e9.<\/p><h3>\ud83d\udcf1 Exp\u00e9rience Mobile Parfaite<\/h3><p class=\"ds-markdown-paragraph\">Design responsive garantissant une navigation optimale sur tous les appareils (smartphones, tablettes, ordinateurs).<\/p><h3>\ud83d\ude80 H\u00e9bergement &amp; Maintenance<\/h3><p class=\"ds-markdown-paragraph\">Solutions d&#8217;h\u00e9bergement performantes et maintenance proactive pour assurer la s\u00e9curit\u00e9, la rapidit\u00e9 et la stabilit\u00e9 de votre site.<\/p><h3>\ud83c\udfaf Accompagnement Strat\u00e9gique<\/h3><p class=\"ds-markdown-paragraph\">Suivi personnalis\u00e9 pendant 2 mois apr\u00e8s la livraison pour optimiser les performances et vous aider \u00e0 atteindre vos objectifs.<\/p><h3>\ud83d\udc68\u200d\ud83c\udfeb Formation &amp; Autonomie<\/h3><p class=\"ds-markdown-paragraph\">Sessions de formation pour vous rendre autonome dans la gestion de votre site web (ajout de contenu, modifications, suivi des statistiques).<\/p>\t\t\t\t\t\t\t\t<\/div>\n\t\t\t\t<\/div>\n\t\t\t\t\t<\/div>\n\t\t<\/div>\n\t\t\t\t\t<\/div>\n\t\t<\/section>\n\t\t\t\t<section class=\"elementor-section elementor-top-section elementor-element elementor-element-6d74989 elementor-section-boxed elementor-section-height-default elementor-section-height-default\" data-id=\"6d74989\" data-element_type=\"section\" data-e-type=\"section\" data-settings=\"{&quot;background_background&quot;:&quot;classic&quot;}\">\n\t\t\t\t\t\t<div class=\"elementor-container elementor-column-gap-default\">\n\t\t\t\t\t<div class=\"elementor-column elementor-col-100 elementor-top-column elementor-element elementor-element-4325824\" data-id=\"4325824\" data-element_type=\"column\" data-e-type=\"column\">\n\t\t\t<div class=\"elementor-widget-wrap elementor-element-populated\">\n\t\t\t\t\t\t<div class=\"elementor-element elementor-element-6f6f9e2 elementor-widget elementor-widget-image\" data-id=\"6f6f9e2\" data-element_type=\"widget\" data-e-type=\"widget\" data-widget_type=\"image.default\">\n\t\t\t\t<div class=\"elementor-widget-container\">\n\t\t\t\t\t\t\t\t\t\t\t\t\t\t\t<img fetchpriority=\"high\" decoding=\"async\" width=\"660\" height=\"905\" src=\"https:\/\/iboutik.shop\/wp-content\/uploads\/2025\/11\/Gemini_Generated_Image_zf6ccpzf6ccpzf6c-1-747x1024.png\" class=\"attachment-large size-large wp-image-17428\" alt=\"\" \/>\t\t\t\t\t\t\t\t\t\t\t\t\t\t\t<\/div>\n\t\t\t\t<\/div>\n\t\t\t\t<div class=\"elementor-element elementor-element-944df4d elementor-align-left elementor-widget__width-initial elementor-widget elementor-widget-button\" data-id=\"944df4d\" data-element_type=\"widget\" data-e-type=\"widget\" data-widget_type=\"button.default\">\n\t\t\t\t<div class=\"elementor-widget-container\">\n\t\t\t\t\t\t\t\t\t<div class=\"elementor-button-wrapper\">\n\t\t\t\t\t<a class=\"elementor-button elementor-button-link elementor-size-sm\" href=\"tel:+212669086301\">\n\t\t\t\t\t\t<span class=\"elementor-button-content-wrapper\">\n\t\t\t\t\t\t<span class=\"elementor-button-icon\">\n\t\t\t\t<i aria-hidden=\"true\" class=\"fas fa-phone-alt\"><\/i>\t\t\t<\/span>\n\t\t\t\t\t\t\t\t\t<span class=\"elementor-button-text\">\u0627\u062a\u0635\u0644 \u0628\u0646\u0627<\/span>\n\t\t\t\t\t<\/span>\n\t\t\t\t\t<\/a>\n\t\t\t\t<\/div>\n\t\t\t\t\t\t\t\t<\/div>\n\t\t\t\t<\/div>\n\t\t\t\t\t<\/div>\n\t\t<\/div>\n\t\t\t\t\t<\/div>\n\t\t<\/section>\n\t\t\t\t<section class=\"elementor-section elementor-top-section elementor-element elementor-element-0e8d57f elementor-section-boxed elementor-section-height-default elementor-section-height-default\" data-id=\"0e8d57f\" data-element_type=\"section\" data-e-type=\"section\">\n\t\t\t\t\t\t<div class=\"elementor-container elementor-column-gap-default\">\n\t\t\t\t\t<div class=\"elementor-column elementor-col-100 elementor-top-column elementor-element elementor-element-f726bf9\" data-id=\"f726bf9\" data-element_type=\"column\" data-e-type=\"column\">\n\t\t\t<div class=\"elementor-widget-wrap elementor-element-populated\">\n\t\t\t\t\t\t<div class=\"elementor-element elementor-element-ae19f42 elementor-widget elementor-widget-spacer\" data-id=\"ae19f42\" data-element_type=\"widget\" data-e-type=\"widget\" data-widget_type=\"spacer.default\">\n\t\t\t\t<div class=\"elementor-widget-container\">\n\t\t\t\t\t\t\t<div class=\"elementor-spacer\">\n\t\t\t<div class=\"elementor-spacer-inner\"><\/div>\n\t\t<\/div>\n\t\t\t\t\t\t<\/div>\n\t\t\t\t<\/div>\n\t\t\t\t\t<\/div>\n\t\t<\/div>\n\t\t\t\t\t<\/div>\n\t\t<\/section>\n\t\t\t\t<section class=\"elementor-section elementor-top-section elementor-element elementor-element-8150c07 elementor-section-boxed elementor-section-height-default elementor-section-height-default\" data-id=\"8150c07\" data-element_type=\"section\" data-e-type=\"section\" data-settings=\"{&quot;background_background&quot;:&quot;classic&quot;}\">\n\t\t\t\t\t\t<div class=\"elementor-container elementor-column-gap-default\">\n\t\t\t\t\t<div class=\"elementor-column elementor-col-33 elementor-top-column elementor-element elementor-element-3f683a5\" data-id=\"3f683a5\" data-element_type=\"column\" data-e-type=\"column\">\n\t\t\t<div class=\"elementor-widget-wrap\">\n\t\t\t\t\t\t\t<\/div>\n\t\t<\/div>\n\t\t\t\t<div class=\"elementor-column elementor-col-33 elementor-top-column elementor-element elementor-element-46bc333\" data-id=\"46bc333\" data-element_type=\"column\" data-e-type=\"column\">\n\t\t\t<div class=\"elementor-widget-wrap\">\n\t\t\t\t\t\t\t<\/div>\n\t\t<\/div>\n\t\t\t\t<div class=\"elementor-column elementor-col-33 elementor-top-column elementor-element elementor-element-b4211fc\" data-id=\"b4211fc\" data-element_type=\"column\" data-e-type=\"column\">\n\t\t\t<div class=\"elementor-widget-wrap\">\n\t\t\t\t\t\t\t<\/div>\n\t\t<\/div>\n\t\t\t\t\t<\/div>\n\t\t<\/section>\n\t\t\t\t<\/div>","protected":false},"excerpt":{"rendered":"<p>Cr\u00e9aTech\u00a0 Votre site web m\u00e9rite le meilleur. Cr\u00e9aTech allie cr\u00e9ativit\u00e9\u00a0et\u00a0expertise technique\u00a0pour construire des sites web qui fonctionnent. Design unique, d\u00e9veloppement robuste et strat\u00e9gie digitale : nous r\u00e9unissons tous les talents pour votre succ\u00e8s en ligne. Nos services : \ud83c\udfa8 Design Web Sur-Mesure Nous cr\u00e9ons des interfaces uniques et captivantes qui refl\u00e8tent l&#8217;identit\u00e9 de votre marque &hellip; <a href=\"https:\/\/iboutik.shop\/ar\/createch\/\" class=\"more-link\">Continue reading <span class=\"screen-reader-text\">Cr\u00e9aTech<\/span><\/a><\/p>","protected":false},"author":1,"featured_media":0,"parent":0,"menu_order":0,"comment_status":"closed","ping_status":"closed","template":"","meta":{"footnotes":""},"class_list":["post-17399","page","type-page","status-publish","hentry"],"aioseo_notices":[],"_links":{"self":[{"href":"https:\/\/iboutik.shop\/ar\/wp-json\/wp\/v2\/pages\/17399","targetHints":{"allow":["GET"]}}],"collection":[{"href":"https:\/\/iboutik.shop\/ar\/wp-json\/wp\/v2\/pages"}],"about":[{"href":"https:\/\/iboutik.shop\/ar\/wp-json\/wp\/v2\/types\/page"}],"author":[{"embeddable":true,"href":"https:\/\/iboutik.shop\/ar\/wp-json\/wp\/v2\/users\/1"}],"replies":[{"embeddable":true,"href":"https:\/\/iboutik.shop\/ar\/wp-json\/wp\/v2\/comments?post=17399"}],"version-history":[{"count":3,"href":"https:\/\/iboutik.shop\/ar\/wp-json\/wp\/v2\/pages\/17399\/revisions"}],"predecessor-version":[{"id":17528,"href":"https:\/\/iboutik.shop\/ar\/wp-json\/wp\/v2\/pages\/17399\/revisions\/17528"}],"wp:attachment":[{"href":"https:\/\/iboutik.shop\/ar\/wp-json\/wp\/v2\/media?parent=17399"}],"curies":[{"name":"wp","href":"https:\/\/api.w.org\/{rel}","templated":true}]}}