{"id":16836,"date":"2025-09-30T16:37:28","date_gmt":"2025-09-30T16:37:28","guid":{"rendered":"https:\/\/iboutik.shop\/?page_id=16836"},"modified":"2025-10-17T11:06:49","modified_gmt":"2025-10-17T11:06:49","slug":"devenir-partenaire-iboutik","status":"publish","type":"page","link":"https:\/\/iboutik.shop\/ar\/devenir-partenaire-iboutik\/","title":{"rendered":"Programme Partenaires iBoutik &#8211; D\u00e9veloppez Votre Chiffre d&#8217;Affaires en Ligne"},"content":{"rendered":"<div data-elementor-type=\"wp-page\" data-elementor-id=\"16836\" class=\"elementor elementor-16836\">\n\t\t\t\t\t\t<section class=\"elementor-section elementor-top-section elementor-element elementor-element-4bb1f30 elementor-section-boxed elementor-section-height-default elementor-section-height-default\" data-id=\"4bb1f30\" data-element_type=\"section\" data-e-type=\"section\" data-settings=\"{&quot;background_background&quot;:&quot;classic&quot;}\">\n\t\t\t\t\t\t<div class=\"elementor-container elementor-column-gap-default\">\n\t\t\t\t\t<div class=\"elementor-column elementor-col-100 elementor-top-column elementor-element elementor-element-ec96e87\" data-id=\"ec96e87\" data-element_type=\"column\" data-e-type=\"column\">\n\t\t\t<div class=\"elementor-widget-wrap elementor-element-populated\">\n\t\t\t\t\t\t<div class=\"elementor-element elementor-element-321ea36 elementor-widget elementor-widget-image\" data-id=\"321ea36\" data-element_type=\"widget\" data-e-type=\"widget\" data-widget_type=\"image.default\">\n\t\t\t\t<div class=\"elementor-widget-container\">\n\t\t\t\t\t\t\t\t\t\t\t\t\t\t\t<img fetchpriority=\"high\" decoding=\"async\" width=\"1600\" height=\"896\" src=\"https:\/\/iboutik.shop\/wp-content\/uploads\/2025\/09\/Untitled-design-2.jpg\" class=\"attachment-full size-full wp-image-16862\" alt=\"\" \/>\t\t\t\t\t\t\t\t\t\t\t\t\t\t\t<\/div>\n\t\t\t\t<\/div>\n\t\t\t\t\t<\/div>\n\t\t<\/div>\n\t\t\t\t\t<\/div>\n\t\t<\/section>\n\t\t\t\t<section class=\"elementor-section elementor-top-section elementor-element elementor-element-3537246 elementor-section-boxed elementor-section-height-default elementor-section-height-default\" data-id=\"3537246\" data-element_type=\"section\" data-e-type=\"section\" data-settings=\"{&quot;background_background&quot;:&quot;classic&quot;}\">\n\t\t\t\t\t\t<div class=\"elementor-container elementor-column-gap-default\">\n\t\t\t\t\t<div class=\"elementor-column elementor-col-100 elementor-top-column elementor-element elementor-element-3e79b6d\" data-id=\"3e79b6d\" data-element_type=\"column\" data-e-type=\"column\">\n\t\t\t<div class=\"elementor-widget-wrap elementor-element-populated\">\n\t\t\t\t\t\t<div class=\"elementor-element elementor-element-4cc784b elementor-widget elementor-widget-text-editor\" data-id=\"4cc784b\" data-element_type=\"widget\" data-e-type=\"widget\" data-widget_type=\"text-editor.default\">\n\t\t\t\t<div class=\"elementor-widget-container\">\n\t\t\t\t\t\t\t\t\t<h1 style=\"text-align: center;\"><strong>DEVENEZ PARTENAIRE iBOUTIK<\/strong><\/h1><p class=\"ds-markdown-paragraph\"><strong>Rejoignez la marketplace qui r\u00e9volutionne le e-commerce au Maroc<\/strong><\/p><p class=\"ds-markdown-paragraph\">Votre passerelle vers des millions de clients et une croissance exponentielle<\/p><hr \/><h2><strong>POURQUOI DEVENIR PARTENAIRE iBOUTIK ?<\/strong><\/h2><p class=\"ds-markdown-paragraph\">iBoutik n&#8217;est pas qu&#8217;une marketplace, c&#8217;est un \u00e9cosyst\u00e8me complet con\u00e7u pour votre succ\u00e8s. Nous offrons bien plus qu&#8217;une simple vitrine en ligne :<\/p><h3><img decoding=\"async\" class=\"emoji\" role=\"img\" draggable=\"false\" src=\"https:\/\/s.w.org\/images\/core\/emoji\/16.0.1\/svg\/1f680.svg\" alt=\"\ud83d\ude80\" \/>\u00a0<strong>Acc\u00e9l\u00e9rez Votre Croissance<\/strong><\/h3><ul><li><p class=\"ds-markdown-paragraph\"><strong>Acc\u00e8s imm\u00e9diat<\/strong>\u00a0\u00e0 une base de clients d\u00e9j\u00e0 \u00e9tablie<\/p><\/li><li><p class=\"ds-markdown-paragraph\"><strong>Visibilit\u00e9 instantan\u00e9e<\/strong>\u00a0aupr\u00e8s de millions d&#8217;utilisateurs actifs<\/p><\/li><li><p class=\"ds-markdown-paragraph\"><strong>Infrastructure technique<\/strong>\u00a0de pointe sans investissement initial<\/p><\/li><\/ul><h3><img decoding=\"async\" class=\"emoji\" role=\"img\" draggable=\"false\" src=\"https:\/\/s.w.org\/images\/core\/emoji\/16.0.1\/svg\/1f4b0.svg\" alt=\"\ud83d\udcb0\" \/>\u00a0<strong>Maximisez Vos Revenus<\/strong><\/h3><ul><li><p class=\"ds-markdown-paragraph\"><strong>Commission comp\u00e9titive<\/strong>\u00a0sur chaque vente<\/p><\/li><li><p class=\"ds-markdown-paragraph\"><strong>Pas de frais fixes<\/strong>\u00a0mensuels &#8211; vous payez seulement quand vous vendez<\/p><\/li><li><p class=\"ds-markdown-paragraph\"><strong>Multiples canaux de vente<\/strong>\u00a0: web, mobile, applications<\/p><\/li><\/ul><hr \/><h2><strong>CE QUE VOUS B\u00c9N\u00c9FICIEZ AVEC iBOUTIK<\/strong><\/h2><h3><img decoding=\"async\" class=\"emoji\" role=\"img\" draggable=\"false\" src=\"https:\/\/s.w.org\/images\/core\/emoji\/16.0.1\/svg\/1f6d2.svg\" alt=\"\ud83d\uded2\" \/>\u00a0<strong>Plateforme Technologique Compl\u00e8te<\/strong><\/h3><ul><li><p class=\"ds-markdown-paragraph\"><strong>Interface de gestion intuitive<\/strong>\u00a0et facile \u00e0 utiliser<\/p><\/li><li><p class=\"ds-markdown-paragraph\"><strong>Tableau de bord en temps r\u00e9el<\/strong>\u00a0pour suivre vos performances<\/p><\/li><li><p class=\"ds-markdown-paragraph\"><strong>Outils d&#8217;analyse avanc\u00e9s<\/strong>\u00a0pour comprendre votre client\u00e8le<\/p><\/li><li><p class=\"ds-markdown-paragraph\"><strong>Syst\u00e8me de gestion des stocks<\/strong>\u00a0automatis\u00e9<\/p><\/li><\/ul><h3><img decoding=\"async\" class=\"emoji\" role=\"img\" draggable=\"false\" src=\"https:\/\/s.w.org\/images\/core\/emoji\/16.0.1\/svg\/1f4f1.svg\" alt=\"\ud83d\udcf1\" \/>\u00a0<strong>Exposition Maximale<\/strong><\/h3><ul><li><p class=\"ds-markdown-paragraph\"><strong>Mise en avant<\/strong>\u00a0dans nos campagnes marketing<\/p><\/li><li><p class=\"ds-markdown-paragraph\"><strong>R\u00e9f\u00e9rencement optimis\u00e9<\/strong>\u00a0sur notre marketplace<\/p><\/li><li><p class=\"ds-markdown-paragraph\"><strong>Placement strat\u00e9gique<\/strong>\u00a0dans les cat\u00e9gories pertinentes<\/p><\/li><li><p class=\"ds-markdown-paragraph\"><strong>Promotions et soldes<\/strong>\u00a0pour booster vos ventes<\/p><\/li><\/ul><h3><img decoding=\"async\" class=\"emoji\" role=\"img\" draggable=\"false\" src=\"https:\/\/s.w.org\/images\/core\/emoji\/16.0.1\/svg\/1f6e1.svg\" alt=\"\ud83d\udee1\ufe0f\" \/>\u00a0<strong>S\u00e9curit\u00e9 et Confiance<\/strong><\/h3><ul><li><p class=\"ds-markdown-paragraph\"><strong>Syst\u00e8me de paiement s\u00e9curis\u00e9<\/strong>\u00a0iBoutik Pay<\/p><\/li><li><p class=\"ds-markdown-paragraph\"><strong>Protection contre la fraude<\/strong><\/p><\/li><li><p class=\"ds-markdown-paragraph\"><strong>Support client g\u00e9r\u00e9<\/strong>\u00a0par iBoutik<\/p><\/li><li><p class=\"ds-markdown-paragraph\"><strong>Processus de retour<\/strong>\u00a0simplifi\u00e9<\/p><\/li><\/ul><h3><img decoding=\"async\" class=\"emoji\" role=\"img\" draggable=\"false\" src=\"https:\/\/s.w.org\/images\/core\/emoji\/16.0.1\/svg\/1f4ca.svg\" alt=\"\ud83d\udcca\" \/>\u00a0<strong>Support Commercial<\/strong><\/h3><ul><li><p class=\"ds-markdown-paragraph\"><strong>Formation et accompagnement<\/strong>\u00a0pour optimiser vos ventes<\/p><\/li><li><p class=\"ds-markdown-paragraph\"><strong>Conseils personnalis\u00e9s<\/strong>\u00a0par nos experts e-commerce<\/p><\/li><li><p class=\"ds-markdown-paragraph\"><strong>Analyses de march\u00e9<\/strong>\u00a0et recommandations strat\u00e9giques<\/p><\/li><li><p class=\"ds-markdown-paragraph\"><strong>Assistance technique<\/strong>\u00a0d\u00e9di\u00e9e<\/p><\/li><\/ul><hr \/><h2><strong>COMMENT DEVENIR PARTENAIRE ?<\/strong><\/h2><h3><strong>Processus Simple et Rapide<\/strong><\/h3><p class=\"ds-markdown-paragraph\"><strong>1. INSCRIPTION EN LIGNE<\/strong><\/p><ul><li><p class=\"ds-markdown-paragraph\">Remplissez le formulaire de candidature ( s&#8217;inscrire en tant que vendeur )<\/p><\/li><li><p class=\"ds-markdown-paragraph\">Validation sous 24-48 heures<\/p><\/li><\/ul><p class=\"ds-markdown-paragraph\"><strong>2. CONFIGURATION DE VOTRE BOUTIQUE<\/strong><\/p><ul><li><p class=\"ds-markdown-paragraph\">Cr\u00e9ez votre profil vendeur<\/p><\/li><li><p class=\"ds-markdown-paragraph\">Importez vos produits et catalogues<\/p><\/li><li><p class=\"ds-markdown-paragraph\">Options de livraison (PAV)<\/p><\/li><\/ul><p class=\"ds-markdown-paragraph\"><strong>3. FORMATION &amp; LANCEMENT<\/strong><\/p><ul><li><p class=\"ds-markdown-paragraph\">Session de formation en ligne<\/p><\/li><li><p class=\"ds-markdown-paragraph\">Validation de votre boutique<\/p><\/li><li><p class=\"ds-markdown-paragraph\">Lancement officiel !<\/p><\/li><\/ul><hr \/><h2><strong>CRIT\u00c8RES D&#8217;\u00c9LIGIBILIT\u00c9<\/strong><\/h2><h3><img decoding=\"async\" class=\"emoji\" role=\"img\" draggable=\"false\" src=\"https:\/\/s.w.org\/images\/core\/emoji\/16.0.1\/svg\/2705.svg\" alt=\"\u2705\" \/>\u00a0<strong>Nous recherchons des partenaires qui :<\/strong><\/h3><ul><li><p class=\"ds-markdown-paragraph\">Proposent des produits\u00a0<strong>de qualit\u00e9<\/strong><\/p><\/li><li><p class=\"ds-markdown-paragraph\">Ont une\u00a0<strong>exp\u00e9rience<\/strong>\u00a0en vente ou retail<\/p><\/li><li><p class=\"ds-markdown-paragraph\">Partageant nos\u00a0<strong>valeurs<\/strong>\u00a0de service client<\/p><\/li><li><p class=\"ds-markdown-paragraph\">Sont\u00a0<strong>fiables et professionnels<\/strong><\/p><\/li><li><p class=\"ds-markdown-paragraph\">Offrent une\u00a0<strong>diversit\u00e9 de produits<\/strong>\u00a0int\u00e9ressante<\/p><\/li><\/ul><h3><img decoding=\"async\" class=\"emoji\" role=\"img\" draggable=\"false\" src=\"https:\/\/s.w.org\/images\/core\/emoji\/16.0.1\/svg\/1f4cb.svg\" alt=\"\ud83d\udccb\" \/>\u00a0<strong>Documents requis :<\/strong><\/h3><ul><li><p class=\"ds-markdown-paragraph\">Registre de commerce \u00e0 jour (optionnel)<\/p><\/li><li><p class=\"ds-markdown-paragraph\">Documents d&#8217;identit\u00e9 du responsable (optionnel)<\/p><\/li><li><p class=\"ds-markdown-paragraph\">Catalogue produits d\u00e9taill\u00e9<\/p><\/li><\/ul><hr \/><h2><strong>T\u00c9MOIGNAGES DE NOS PARTENAIRES<\/strong><\/h2><p class=\"ds-markdown-paragraph\"><em>&#8220;Rejoindre iBoutik a transform\u00e9 mon business. Mes ventes ont augment\u00e9 de 300% en 6 mois seulement !&#8221;<\/em><br \/><strong>&#8211; Sara Beauty, vendeuse de cosm\u00e9tiques naturels<\/strong><\/p><p class=\"ds-markdown-paragraph\"><em>&#8220;L&#8217;accompagnement et la technologie iBoutik m&#8217;ont permis de me concentrer sur mon m\u00e9tier : cr\u00e9er de beaux produits.&#8221;<\/em><br \/><strong>&#8211; Omar l&#8217;artiste, artisan cr\u00e9ateur<\/strong><\/p><p class=\"ds-markdown-paragraph\"><em>&#8220;La visibilit\u00e9 offerte par la marketplace est incomparable. J&#8217;ai atteint des clients dans tout le maroc &#8220;<\/em><br \/><strong>&#8211; Ahmed S., distributeur d&#8217;\u00e9lectronique<\/strong><\/p><hr \/><h2><strong>FAQ PARTENARIAT<\/strong><\/h2><p class=\"ds-markdown-paragraph\"><strong><img decoding=\"async\" class=\"emoji\" role=\"img\" draggable=\"false\" src=\"https:\/\/s.w.org\/images\/core\/emoji\/16.0.1\/svg\/2753.svg\" alt=\"\u2753\" \/> Quelles commissions sont appliqu\u00e9es ?<\/strong><br \/>\u2192 Des commissions comp\u00e9titives adapt\u00e9es \u00e0 votre cat\u00e9gorie de produits<\/p><p class=\"ds-markdown-paragraph\"><strong><img decoding=\"async\" class=\"emoji\" role=\"img\" draggable=\"false\" src=\"https:\/\/s.w.org\/images\/core\/emoji\/16.0.1\/svg\/2753.svg\" alt=\"\u2753\" \/> Comment sont g\u00e9r\u00e9s les livraisons ?<\/strong><br \/>\u2192 Plusieurs options : livraison iBoutik, livraison partenaire ou mixte<\/p><p class=\"ds-markdown-paragraph\"><strong><img decoding=\"async\" class=\"emoji\" role=\"img\" draggable=\"false\" src=\"https:\/\/s.w.org\/images\/core\/emoji\/16.0.1\/svg\/2753.svg\" alt=\"\u2753\" \/> Quel support technique est offert ?<\/strong><br \/>\u2192 Assistance 7j\/7 par email, chat et t\u00e9l\u00e9phone<\/p><p class=\"ds-markdown-paragraph\"><strong><img decoding=\"async\" class=\"emoji\" role=\"img\" draggable=\"false\" src=\"https:\/\/s.w.org\/images\/core\/emoji\/16.0.1\/svg\/2753.svg\" alt=\"\u2753\" \/> Puis-je g\u00e9rer plusieurs boutiques ?<\/strong><br \/>\u2192 Oui, avec un compte partenaire enterprise<\/p><hr \/><h3>\u00a0<\/h3><h2><strong>CONTACT &amp; INSCRIPTION<\/strong><\/h2><p class=\"ds-markdown-paragraph\"><strong>\u00c9quipe Partenariats iBoutik<\/strong><br \/><img decoding=\"async\" class=\"emoji\" role=\"img\" draggable=\"false\" src=\"https:\/\/s.w.org\/images\/core\/emoji\/16.0.1\/svg\/1f4e7.svg\" alt=\"\ud83d\udce7\" \/><a href=\"mailto:iboutikcontact@gmail.com\">iboutikcontact@gmail.com<\/a><br \/><img decoding=\"async\" class=\"emoji\" role=\"img\" draggable=\"false\" src=\"https:\/\/s.w.org\/images\/core\/emoji\/16.0.1\/svg\/1f4de.svg\" alt=\"\ud83d\udcde\" \/> +212 669 086 301<br \/><img decoding=\"async\" class=\"emoji\" role=\"img\" draggable=\"false\" src=\"https:\/\/s.w.org\/images\/core\/emoji\/16.0.1\/svg\/1f310.svg\" alt=\"\ud83c\udf10\" \/>\u00a0<a href=\"https:\/\/iboutik.shop\/ar\/devenir-partenaire-iboutik\/\" target=\"_blank\" rel=\"noopener noreferrer\">https:\/\/iboutik.shop\/devenir-partenaire-iboutik<\/a><\/p><p class=\"ds-markdown-paragraph\">\u00a0<\/p><hr \/><p class=\"ds-markdown-paragraph\"><strong>Rejoignez les milliers de partenaires qui font d\u00e9j\u00e0 confiance \u00e0 iBoutik !<\/strong><\/p><p class=\"ds-markdown-paragraph\"><em>\u00ab Votre succ\u00e8s est notre r\u00e9ussite \u00bb &#8211; L&#8217;\u00e9quipe iBoutik<\/em><\/p>\t\t\t\t\t\t\t\t<\/div>\n\t\t\t\t<\/div>\n\t\t\t\t\t<\/div>\n\t\t<\/div>\n\t\t\t\t\t<\/div>\n\t\t<\/section>\n\t\t\t\t<section class=\"elementor-section elementor-top-section elementor-element elementor-element-6414089 elementor-section-boxed elementor-section-height-default elementor-section-height-default\" data-id=\"6414089\" data-element_type=\"section\" data-e-type=\"section\">\n\t\t\t\t\t\t<div class=\"elementor-container elementor-column-gap-default\">\n\t\t\t\t\t<div class=\"elementor-column elementor-col-100 elementor-top-column elementor-element elementor-element-51defa4\" data-id=\"51defa4\" data-element_type=\"column\" data-e-type=\"column\">\n\t\t\t<div class=\"elementor-widget-wrap\">\n\t\t\t\t\t\t\t<\/div>\n\t\t<\/div>\n\t\t\t\t\t<\/div>\n\t\t<\/section>\n\t\t\t\t<\/div>","protected":false},"excerpt":{"rendered":"<p>DEVENEZ PARTENAIRE iBOUTIK Rejoignez la marketplace qui r\u00e9volutionne le e-commerce au Maroc Votre passerelle vers des millions de clients et une croissance exponentielle POURQUOI DEVENIR PARTENAIRE iBOUTIK ? iBoutik n&#8217;est pas qu&#8217;une marketplace, c&#8217;est un \u00e9cosyst\u00e8me complet con\u00e7u pour votre succ\u00e8s. Nous offrons bien plus qu&#8217;une simple vitrine en ligne : \u00a0Acc\u00e9l\u00e9rez Votre Croissance Acc\u00e8s &hellip; <a href=\"https:\/\/iboutik.shop\/ar\/devenir-partenaire-iboutik\/\" class=\"more-link\">Continue reading <span class=\"screen-reader-text\">Programme Partenaires iBoutik &#8211; D\u00e9veloppez Votre Chiffre d&#8217;Affaires en Ligne<\/span><\/a><\/p>","protected":false},"author":1,"featured_media":0,"parent":0,"menu_order":0,"comment_status":"closed","ping_status":"closed","template":"","meta":{"footnotes":""},"class_list":["post-16836","page","type-page","status-publish","hentry"],"aioseo_notices":[],"_links":{"self":[{"href":"https:\/\/iboutik.shop\/ar\/wp-json\/wp\/v2\/pages\/16836","targetHints":{"allow":["GET"]}}],"collection":[{"href":"https:\/\/iboutik.shop\/ar\/wp-json\/wp\/v2\/pages"}],"about":[{"href":"https:\/\/iboutik.shop\/ar\/wp-json\/wp\/v2\/types\/page"}],"author":[{"embeddable":true,"href":"https:\/\/iboutik.shop\/ar\/wp-json\/wp\/v2\/users\/1"}],"replies":[{"embeddable":true,"href":"https:\/\/iboutik.shop\/ar\/wp-json\/wp\/v2\/comments?post=16836"}],"version-history":[{"count":0,"href":"https:\/\/iboutik.shop\/ar\/wp-json\/wp\/v2\/pages\/16836\/revisions"}],"wp:attachment":[{"href":"https:\/\/iboutik.shop\/ar\/wp-json\/wp\/v2\/media?parent=16836"}],"curies":[{"name":"wp","href":"https:\/\/api.w.org\/{rel}","templated":true}]}}