{"id":16794,"date":"2025-10-05T14:53:27","date_gmt":"2025-10-05T14:53:27","guid":{"rendered":"https:\/\/iboutik.shop\/?page_id=16794"},"modified":"2025-10-05T14:58:40","modified_gmt":"2025-10-05T14:58:40","slug":"place-dans-le-marche","status":"publish","type":"page","link":"https:\/\/iboutik.shop\/ar\/place-dans-le-marche\/","title":{"rendered":"\u0645\u0643\u0627\u0646 \u0641\u064a \u0627\u0644\u0633\u0648\u0642"},"content":{"rendered":"<div data-elementor-type=\"wp-page\" data-elementor-id=\"16794\" class=\"elementor elementor-16794\">\n\t\t\t\t\t\t<section class=\"elementor-section elementor-top-section elementor-element elementor-element-fedae62 elementor-section-boxed elementor-section-height-default elementor-section-height-default\" data-id=\"fedae62\" data-element_type=\"section\" data-e-type=\"section\" data-settings=\"{&quot;background_background&quot;:&quot;classic&quot;}\">\n\t\t\t\t\t\t<div class=\"elementor-container elementor-column-gap-default\">\n\t\t\t\t\t<div class=\"elementor-column elementor-col-100 elementor-top-column elementor-element elementor-element-5b5e4aa\" data-id=\"5b5e4aa\" data-element_type=\"column\" data-e-type=\"column\">\n\t\t\t<div class=\"elementor-widget-wrap elementor-element-populated\">\n\t\t\t\t\t\t<div class=\"elementor-element elementor-element-34ab322 elementor-widget elementor-widget-text-editor\" data-id=\"34ab322\" data-element_type=\"widget\" data-e-type=\"widget\" data-widget_type=\"text-editor.default\">\n\t\t\t\t<div class=\"elementor-widget-container\">\n\t\t\t\t\t\t\t\t\t<h3><img decoding=\"async\" class=\"emoji\" role=\"img\" draggable=\"false\" src=\"https:\/\/s.w.org\/images\/core\/emoji\/16.0.1\/svg\/1f4ca.svg\" alt=\"\ud83d\udcca\" \/>\u00a0<strong>\u0625\u062f\u0627\u0631\u0629 \u0627\u0644\u062d\u0645\u0644\u0627\u062a \u0627\u0644\u0625\u0639\u0644\u0627\u0646\u064a\u0629<\/strong><\/h3><p class=\"ds-markdown-paragraph\">\u062d\u0642\u0642 \u0623\u0642\u0635\u0649 \u0642\u062f\u0631 \u0645\u0646 \u0639\u0627\u0626\u062f \u0627\u0644\u0627\u0633\u062a\u062b\u0645\u0627\u0631 \u0627\u0644\u062e\u0627\u0635 \u0628\u0643 \u0645\u0639 \u062e\u0628\u0631\u0627\u0626\u0646\u0627 \u0627\u0644\u0645\u0639\u062a\u0645\u062f\u064a\u0646<\/p><p class=\"ds-markdown-paragraph\"><strong>\u0625\u062f\u0627\u0631\u0629 \u062d\u0633\u0627\u0628 ADS \u0643\u0627\u0645\u0644\u0629:<\/strong><\/p><ul><li><p class=\"ds-markdown-paragraph\">\u0627\u0644\u062a\u062f\u0642\u064a\u0642 \u0627\u0644\u0645\u062a\u0639\u0645\u0642 \u0644\u062d\u0633\u0627\u0628\u0627\u062a\u0643 \u0627\u0644\u062d\u0627\u0644\u064a\u0629<\/p><\/li><li><p class=\"ds-markdown-paragraph\">\u062a\u0643\u0648\u064a\u0646 \u0627\u0644\u062d\u0645\u0644\u0629 \u0648\u062a\u062d\u0633\u064a\u0646\u0647\u0627<\/p><\/li><li><p class=\"ds-markdown-paragraph\">\u0645\u0631\u0627\u0642\u0628\u0629 \u0627\u0644\u0623\u062f\u0627\u0621 \u0627\u0644\u064a\u0648\u0645\u064a<\/p><\/li><li><p class=\"ds-markdown-paragraph\">\u0627\u062e\u062a\u0628\u0627\u0631 A\/B \u0627\u0644\u0645\u0633\u062a\u0645\u0631 \u0644\u0644\u0625\u0639\u0644\u0627\u0646\u0627\u062a<\/p><\/li><li><p class=\"ds-markdown-paragraph\">\u062a\u0642\u0631\u064a\u0631 \u0634\u0647\u0631\u064a \u0645\u0641\u0635\u0644 \u0645\u0639 \u0627\u0644\u062a\u062d\u0644\u064a\u0644<\/p><\/li><\/ul><p class=\"ds-markdown-paragraph\"><strong>\u0625\u0646\u0634\u0627\u0621 \u0648\u0633\u0627\u0626\u0644 \u0627\u0644\u0625\u0639\u0644\u0627\u0646:<\/strong><\/p><ul><li><p class=\"ds-markdown-paragraph\">\u0644\u0627\u0641\u062a\u0627\u062a \u0648\u0645\u0631\u0626\u064a\u0627\u062a \u0645\u0624\u062b\u0631\u0629<\/p><\/li><li><p class=\"ds-markdown-paragraph\">\u0641\u064a\u062f\u064a\u0648\u0647\u0627\u062a \u062a\u0631\u0648\u064a\u062c\u064a\u0629 \u0642\u0635\u064a\u0631\u0629 \u0648\u0645\u0624\u062b\u0631\u0629<\/p><\/li><li><p class=\"ds-markdown-paragraph\">\u0627\u0644\u062f\u0648\u0627\u0631\u0627\u062a \u0648\u0627\u0644\u0633\u0637\u0648\u0631\u064a\u0627\u062a \u0627\u0644\u0645\u064f\u062d\u0633\u0651\u0646\u0629 \u0644\u0645\u0648\u0627\u0642\u0639 \u0627\u0644\u062a\u0648\u0627\u0635\u0644 \u0627\u0644\u0625\u062c\u062a\u0645\u0627\u0639\u064a<\/p><\/li><li><p class=\"ds-markdown-paragraph\">\u0646\u0645\u0627\u0630\u062c \u0644\u0635\u0641\u062d\u0627\u062a \u0627\u0644\u0647\u0628\u0648\u0637 \u0627\u0644\u0645\u062e\u0635\u0635\u0629<\/p><\/li><\/ul><hr \/><h3><img decoding=\"async\" class=\"emoji\" role=\"img\" draggable=\"false\" src=\"https:\/\/s.w.org\/images\/core\/emoji\/16.0.1\/svg\/1f3af.svg\" alt=\"\ud83c\udfaf\" \/>\u00a0<strong>\u0627\u0633\u062a\u0631\u0627\u062a\u064a\u062c\u064a\u0629 \u0625\u0639\u0644\u0627\u0646\u064a\u0629 \u0643\u0627\u0645\u0644\u0629<\/strong><\/h3><p class=\"ds-markdown-paragraph\">\u0646\u0647\u062c 360 \u062f\u0631\u062c\u0629 \u0644\u0646\u062a\u0627\u0626\u062c\u0643<\/p><ul><li><p class=\"ds-markdown-paragraph\"><strong>\u062a\u062d\u0644\u064a\u0644 \u0627\u0644\u0633\u0648\u0642 \u0648\u0627\u0644\u0645\u0646\u0627\u0641\u0633\u0629<\/strong><\/p><\/li><li><p class=\"ds-markdown-paragraph\"><strong>\u062a\u062d\u062f\u064a\u062f \u062c\u0645\u0647\u0648\u0631\u0643 \u0627\u0644\u0645\u0633\u062a\u0647\u062f\u0641<\/strong><\/p><\/li><li><p class=\"ds-markdown-paragraph\"><strong>\u062e\u0637\u0629 \u0625\u0639\u0644\u0627\u0645\u064a\u0629 \u0645\u062a\u0639\u062f\u062f\u0629 \u0627\u0644\u0642\u0646\u0648\u0627\u062a<\/strong>\u00a0(Google, Meta, LinkedIn, etc.)<\/p><\/li><li><p class=\"ds-markdown-paragraph\"><strong>\u0627\u0644\u062a\u0642\u0648\u064a\u0645 \u0627\u0644\u062a\u062d\u0631\u064a\u0631\u064a \u0648\u0627\u0644\u062a\u062e\u0637\u064a\u0637 \u0644\u0644\u062d\u0645\u0644\u0629<\/strong><\/p><\/li><li><p class=\"ds-markdown-paragraph\"><strong>\u062a\u062a\u0628\u0639 \u0627\u0644\u062a\u062d\u0648\u064a\u0644 \u0648\u062a\u062d\u0644\u064a\u0644\u0647<\/strong><\/p><\/li><li><p class=\"ds-markdown-paragraph\"><strong>\u0627\u0644\u062a\u062d\u0633\u064a\u0646 \u0627\u0644\u0645\u0633\u062a\u0645\u0631<\/strong>\u00a0\u0645\u062f\u0641\u0648\u0639\u0629 \u0628\u0627\u0644\u0628\u064a\u0627\u0646\u0627\u062a<\/p><\/li><\/ul><hr \/><p class=\"ds-markdown-paragraph\"><strong>\u0639\u0645\u0644\u064a\u0629 \u0645\u0646 4 \u062e\u0637\u0648\u0627\u062a<\/strong><\/p><ol start=\"1\"><li><p class=\"ds-markdown-paragraph\"><strong>\u0627\u0633\u062a\u0634\u0627\u0631\u0629<\/strong><br \/>\u062a\u062d\u0644\u064a\u0644 \u0627\u062d\u062a\u064a\u0627\u062c\u0627\u062a \u0639\u0645\u0644\u0643 \u0648\u0623\u0647\u062f\u0627\u0641\u0643<\/p><\/li><li><p class=\"ds-markdown-paragraph\"><strong>\u0627\u0644\u0627\u0633\u062a\u0631\u0627\u062a\u064a\u062c\u064a\u0629<\/strong><br \/>\u062a\u0637\u0648\u064a\u0631 \u062e\u0637\u0629 \u0639\u0645\u0644 \u0645\u0635\u0645\u0645\u0629 \u062e\u0635\u064a\u0635\u064b\u0627<\/p><\/li><li><p class=\"ds-markdown-paragraph\"><strong>\u062a\u0646\u0641\u064a\u0630<\/strong><br \/>\u062a\u0637\u0648\u064a\u0631 \u0648\u062a\u0646\u0641\u064a\u0630 \u0627\u0644\u062d\u0644\u0648\u0644<\/p><\/li><li><p class=\"ds-markdown-paragraph\"><strong>\u0645\u062a\u0627\u0628\u0639\u0629<\/strong><br \/>\u0627\u0644\u062a\u062d\u0633\u064a\u0646 \u0627\u0644\u0645\u0633\u062a\u0645\u0631 \u0648\u0627\u0644\u062f\u0639\u0645 \u0627\u0644\u0646\u0634\u0637<\/p><\/li><\/ol><hr \/><p class=\"ds-markdown-paragraph\"><strong>\u0644\u0645\u0627\u0630\u0627 \u062a\u062e\u062a\u0627\u0631\u0646\u0627\u061f<\/strong><\/p><p class=\"ds-markdown-paragraph\"><img decoding=\"async\" class=\"emoji\" role=\"img\" draggable=\"false\" src=\"https:\/\/s.w.org\/images\/core\/emoji\/16.0.1\/svg\/2705.svg\" alt=\"\u2705\" \/>\u00a0<strong>\u062e\u0628\u0631\u0629 \u0645\u062a\u0639\u062f\u062f\u0629 \u0627\u0644\u0645\u062c\u0627\u0644\u0627\u062a<\/strong>\u00a0- \u062c\u0645\u064a\u0639 \u0627\u062d\u062a\u064a\u0627\u062c\u0627\u062a\u0643 \u0627\u0644\u0631\u0642\u0645\u064a\u0629 \u0641\u064a \u0645\u0643\u0627\u0646 \u0648\u0627\u062d\u062f<br \/><img decoding=\"async\" class=\"emoji\" role=\"img\" draggable=\"false\" src=\"https:\/\/s.w.org\/images\/core\/emoji\/16.0.1\/svg\/2705.svg\" alt=\"\u2705\" \/>\u00a0<strong>\u0646\u0647\u062c \u0645\u062e\u0635\u0635<\/strong>\u00a0\u2013 \u062d\u0644\u0648\u0644 \u062a\u062a\u0643\u064a\u0641 \u0645\u0639 \u0639\u0645\u0644\u0643<br \/><img decoding=\"async\" class=\"emoji\" role=\"img\" draggable=\"false\" src=\"https:\/\/s.w.org\/images\/core\/emoji\/16.0.1\/svg\/2705.svg\" alt=\"\u2705\" \/>\u00a0<strong>\u0627\u0644\u0634\u0641\u0627\u0641\u064a\u0629 \u0627\u0644\u0643\u0627\u0645\u0644\u0629<\/strong>\u00a0- \u062a\u0642\u0627\u0631\u064a\u0631 \u0645\u0641\u0635\u0644\u0629 \u0648\u0627\u062a\u0635\u0627\u0644\u0627\u062a \u0645\u0646\u062a\u0638\u0645\u0629<br \/><img decoding=\"async\" class=\"emoji\" role=\"img\" draggable=\"false\" src=\"https:\/\/s.w.org\/images\/core\/emoji\/16.0.1\/svg\/2705.svg\" alt=\"\u2705\" \/>\u00a0<strong>\u0646\u062a\u0627\u0626\u062c \u0645\u0644\u0645\u0648\u0633\u0629<\/strong>\u00a0- \u0646\u0642\u064a\u0633 \u0646\u062c\u0627\u062d\u0646\u0627 \u0645\u0646 \u062e\u0644\u0627\u0644 \u0646\u0645\u0648\u0643<br \/><img decoding=\"async\" class=\"emoji\" role=\"img\" draggable=\"false\" src=\"https:\/\/s.w.org\/images\/core\/emoji\/16.0.1\/svg\/2705.svg\" alt=\"\u2705\" \/>\u00a0<strong>\u062f\u0639\u0645 \u0645\u0633\u062a\u0645\u0631<\/strong>\u00a0- \u0646\u062d\u0646 \u0634\u0631\u064a\u0643\u0643 \u0639\u0644\u0649 \u0627\u0644\u0645\u062f\u0649 \u0627\u0644\u0637\u0648\u064a\u0644<\/p>\t\t\t\t\t\t\t\t<\/div>\n\t\t\t\t<\/div>\n\t\t\t\t<div class=\"elementor-element elementor-element-404600a elementor-widget elementor-widget-button\" data-id=\"404600a\" data-element_type=\"widget\" data-e-type=\"widget\" data-widget_type=\"button.default\">\n\t\t\t\t<div class=\"elementor-widget-container\">\n\t\t\t\t\t\t\t\t\t<div class=\"elementor-button-wrapper\">\n\t\t\t\t\t<a class=\"elementor-button elementor-button-link elementor-size-sm\" href=\"https:\/\/iboutik.shop\/ar\/contactez-nous\/\">\n\t\t\t\t\t\t<span class=\"elementor-button-content-wrapper\">\n\t\t\t\t\t\t\t\t\t<span class=\"elementor-button-text\">\u0627\u062a\u0635\u0644 \u0628\u0646\u0627<\/span>\n\t\t\t\t\t<\/span>\n\t\t\t\t\t<\/a>\n\t\t\t\t<\/div>\n\t\t\t\t\t\t\t\t<\/div>\n\t\t\t\t<\/div>\n\t\t\t\t\t<\/div>\n\t\t<\/div>\n\t\t\t\t\t<\/div>\n\t\t<\/section>\n\t\t\t\t<\/div>","protected":false},"excerpt":{"rendered":"<p>\u00a0GESTION DE CAMPAGNES PUBLICITAIRES Maximisez votre ROI avec nos experts certifi\u00e9s Gestion Compl\u00e8te de Comptes ADS : Audit approfondi de vos comptes existants Configuration et optimisation des campagnes Suivi quotidien des performances A\/B testing continuel des annonces Rapport d\u00e9taill\u00e9 mensuel avec analyses Cr\u00e9ation de Supports Publicitaires : Banni\u00e8res et visuels percutants Vid\u00e9os promotionnelles courtes et &hellip; <a href=\"https:\/\/iboutik.shop\/ar\/place-dans-le-marche\/\" class=\"more-link\">Continue reading <span class=\"screen-reader-text\">\u0645\u0643\u0627\u0646 \u0641\u064a \u0627\u0644\u0633\u0648\u0642<\/span><\/a><\/p>","protected":false},"author":1,"featured_media":0,"parent":0,"menu_order":0,"comment_status":"closed","ping_status":"closed","template":"","meta":{"footnotes":""},"class_list":["post-16794","page","type-page","status-publish","hentry"],"aioseo_notices":[],"_links":{"self":[{"href":"https:\/\/iboutik.shop\/ar\/wp-json\/wp\/v2\/pages\/16794","targetHints":{"allow":["GET"]}}],"collection":[{"href":"https:\/\/iboutik.shop\/ar\/wp-json\/wp\/v2\/pages"}],"about":[{"href":"https:\/\/iboutik.shop\/ar\/wp-json\/wp\/v2\/types\/page"}],"author":[{"embeddable":true,"href":"https:\/\/iboutik.shop\/ar\/wp-json\/wp\/v2\/users\/1"}],"replies":[{"embeddable":true,"href":"https:\/\/iboutik.shop\/ar\/wp-json\/wp\/v2\/comments?post=16794"}],"version-history":[{"count":0,"href":"https:\/\/iboutik.shop\/ar\/wp-json\/wp\/v2\/pages\/16794\/revisions"}],"wp:attachment":[{"href":"https:\/\/iboutik.shop\/ar\/wp-json\/wp\/v2\/media?parent=16794"}],"curies":[{"name":"wp","href":"https:\/\/api.w.org\/{rel}","templated":true}]}}